{"id":2,"date":"2016-08-11T16:24:39","date_gmt":"2016-08-11T16:24:39","guid":{"rendered":"https:\/\/www.vdh.virginia.gov\/west-piedmont\/?page_id=2"},"modified":"2026-04-15T11:19:26","modified_gmt":"2026-04-15T15:19:26","slug":"sample-page","status":"publish","type":"page","link":"https:\/\/www.vdh.virginia.gov\/west-piedmont\/","title":{"rendered":"West Piedmont Health District"},"content":{"rendered":"<div id=\"pl-2\"  class=\"panel-layout\" ><div id=\"pg-2-0\"  class=\"panel-grid panel-has-style\" ><div class=\"panel-row-style panel-row-style-for-2-0\" ><div id=\"pgc-2-0-0\"  class=\"panel-grid-cell\" ><div id=\"panel-2-0-0-0\" class=\"so-panel widget widget_sow-editor panel-first-child panel-last-child\" data-index=\"0\" ><div class=\"panel-widget-style panel-widget-style-for-2-0-0-0\" ><div\n\t\t\t\n\t\t\tclass=\"so-widget-sow-editor so-widget-sow-editor-base\"\n\t\t\t\n\t\t>\n<div class=\"siteorigin-widget-tinymce textwidget\">\n\t<p style=\"text-align: center;\">Serving the City of Martinsville and the counties of Henry, Franklin, and Patrick<\/p>\n<p style=\"text-align: center;\">Stay tuned to our Facebook page and this website for updates and closures.<\/p>\n<\/div>\n<\/div><\/div><\/div><\/div><\/div><\/div><div id=\"pg-2-1\"  class=\"panel-grid panel-no-style\" ><div id=\"pgc-2-1-0\"  class=\"panel-grid-cell\" ><div id=\"panel-2-1-0-0\" class=\"so-panel widget widget_sow-editor panel-first-child panel-last-child\" data-index=\"1\" ><div class=\"panel-widget-style panel-widget-style-for-2-1-0-0\" ><div\n\t\t\t\n\t\t\tclass=\"so-widget-sow-editor so-widget-sow-editor-base\"\n\t\t\t\n\t\t>\n<div class=\"siteorigin-widget-tinymce textwidget\">\n\t<p style=\"text-align: center;\">When opening on a delayed schedule, some services may be limited. Please contact your local office before your visit to confirm availability.<\/p>\n<p style=\"text-align: center;\">Franklin County: (540) 484-0292\u00a0 \u00a0Henry\/ Martinsville: (276) 638-2311\u00a0 Patrick County : (276) 693-2070<\/p>\n<p style=\"text-align: center;\">********************************************************************************************************************************************<\/p>\n<p style=\"text-align: center;\"><img loading=\"lazy\" decoding=\"async\" class=\"alignnone  wp-image-5656\" src=\"https:\/\/www.vdh.virginia.gov\/content\/uploads\/sites\/111\/West-Piedmont-Closure-for-Training-1-300x251.jpg\" alt=\"\" width=\"527\" height=\"441\" srcset=\"https:\/\/www.vdh.virginia.gov\/content\/uploads\/sites\/111\/West-Piedmont-Closure-for-Training-1-300x251.jpg 300w, https:\/\/www.vdh.virginia.gov\/content\/uploads\/sites\/111\/West-Piedmont-Closure-for-Training-1-768x644.jpg 768w, https:\/\/www.vdh.virginia.gov\/content\/uploads\/sites\/111\/West-Piedmont-Closure-for-Training-1.jpg 940w\" sizes=\"auto, (max-width: 527px) 100vw, 527px\" \/><\/p>\n<\/div>\n<\/div><\/div><\/div><\/div><\/div><div id=\"pg-2-2\"  class=\"panel-grid panel-no-style\" ><div id=\"pgc-2-2-0\"  class=\"panel-grid-cell panel-grid-cell-empty\" ><\/div><\/div><div id=\"pg-2-3\"  class=\"panel-grid panel-no-style\" ><div id=\"pgc-2-3-0\"  class=\"panel-grid-cell\" ><div id=\"panel-2-3-0-0\" class=\"so-panel widget widget_sow-editor panel-first-child panel-last-child\" data-index=\"2\" ><div\n\t\t\t\n\t\t\tclass=\"so-widget-sow-editor so-widget-sow-editor-base\"\n\t\t\t\n\t\t>\n<div class=\"siteorigin-widget-tinymce textwidget\">\n\t<p style=\"text-align: center;\"><strong>Syphilis - Protect Yourself and Your Partner<\/strong><\/p>\n<p style=\"text-align: center;\"><img loading=\"lazy\" decoding=\"async\" class=\"alignnone size-full wp-image-5667\" src=\"https:\/\/www.vdh.virginia.gov\/content\/uploads\/sites\/111\/Picture2.jpg\" alt=\"\" width=\"300\" height=\"251\" \/> <img loading=\"lazy\" decoding=\"async\" class=\"alignnone size-medium wp-image-5668\" src=\"https:\/\/www.vdh.virginia.gov\/content\/uploads\/sites\/111\/Picture1.jpg\" alt=\"\" width=\"300\" height=\"251\" \/><\/p>\n<p style=\"text-align: center;\">- Syphilis is a sexually transmitted disease.<\/p>\n<p style=\"text-align: center;\">- Anyone can get syphilis.<\/p>\n<p style=\"text-align: center;\">- It is easy to treat and cure<\/p>\n<p style=\"text-align: center;\">- If you don't treat syphilis, it can lead to serious problems.<\/p>\n<p style=\"text-align: center;\">- Ask your doctor to give you a blood test for syphilis.<\/p>\n<p style=\"text-align: center;\">For more information on syphilis, refer to the\u00a0<a href=\"https:\/\/virginiagov.app.box.com\/s\/y44qp0thjinla3xr4ijfakfoz5cvet4u?fbclid=IwY2xjawMj91pleHRuA2FlbQIxMQABHsDFkP_2dMKkAzXQw-3NjLWuSAHbYSBcSFQkdhyeYnYF4gXw3nHQX3TMoPNV_aem_3Bhz4s6zMDXYz5u2d1q4hg\"><strong>Protect Yourself and Your Partner<\/strong><\/a>\u00a0brochure.<\/p>\n<p style=\"text-align: center;\"><strong>Virginia Disease Prevention Hotline<\/strong><\/p>\n<p style=\"text-align: center;\">Need to talk to someone? Call our hotline at (800) 533-4148. You can email a counselor at hiv-stdhotline@vdh.virginia.gov, too.<\/p>\n<p style=\"text-align: center;\">Get connected to syphilis testing and treatment near you. Have any of your questions about syphilis answered by hotline staff.<\/p>\n<p style=\"text-align: center;\">______________________________<\/p>\n<p style=\"text-align: center;\">Our Local Health Department offers these prevention and early detection tips:<\/p>\n<ul>\n<li style=\"text-align: center;\">Get regular screenings for breast, cervical, colorectal, and lung cancer as recommended by your healthcare provider.<\/li>\n<li style=\"text-align: center;\">Get vaccinated with the human papillomavirus (HPV) vaccine. HPV vaccination prevents six different types of cancers from ever developing.<\/li>\n<li style=\"text-align: center;\">Eat a healthy diet, maintain a healthy weight, and stay physically active.<\/li>\n<li style=\"text-align: center;\">Avoid tobacco use and limit alcohol consumption.<\/li>\n<li style=\"text-align: center;\">Protect your skin from excessive sun exposure.<\/li>\n<\/ul>\n<p style=\"text-align: center;\">______________________________<\/p>\n<\/div>\n<\/div><\/div><\/div><div id=\"pgc-2-3-1\"  class=\"panel-grid-cell\" ><div id=\"panel-2-3-1-0\" class=\"so-panel widget widget_sow-editor panel-first-child panel-last-child\" data-index=\"3\" ><div\n\t\t\t\n\t\t\tclass=\"so-widget-sow-editor so-widget-sow-editor-base\"\n\t\t\t\n\t\t>\n<div class=\"siteorigin-widget-tinymce textwidget\">\n\t<div class=\"xdj266r x14z9mp xat24cr x1lziwak x1vvkbs x126k92a\">\n<div dir=\"auto\" style=\"text-align: center;\">What is measles? It\u2019s a very contagious viral illness with symptoms of fever, cough, and rash. Measles can be very serious and may cause pneumonia, brain inflammation, and death.\u00a0The best protection against measles is the measles vaccine (MMR).<\/div>\n<div dir=\"auto\" style=\"text-align: center;\">Learn more:\u00a0<a href=\"http:\/\/cdc.gov\/measles\/signs-symptoms\/index.html\" target=\"_blank\" rel=\"noopener\">cdc.gov\/measles\/signs-symptoms\/index.html<\/a><\/div>\n<div dir=\"auto\"><\/div>\n<p><img loading=\"lazy\" decoding=\"async\" class=\"aligncenter wp-image-5507 size-medium\" src=\"https:\/\/www.vdh.virginia.gov\/content\/uploads\/sites\/111\/MMR-Vaccine-300x300.jpg\" alt=\"Measles Flyer for Vaccine awareness\" width=\"300\" height=\"300\" srcset=\"https:\/\/www.vdh.virginia.gov\/content\/uploads\/sites\/111\/MMR-Vaccine-300x300.jpg 300w, https:\/\/www.vdh.virginia.gov\/content\/uploads\/sites\/111\/MMR-Vaccine-1024x1024.jpg 1024w, https:\/\/www.vdh.virginia.gov\/content\/uploads\/sites\/111\/MMR-Vaccine-150x150.jpg 150w, https:\/\/www.vdh.virginia.gov\/content\/uploads\/sites\/111\/MMR-Vaccine-768x768.jpg 768w, https:\/\/www.vdh.virginia.gov\/content\/uploads\/sites\/111\/MMR-Vaccine.jpg 1200w\" sizes=\"auto, (max-width: 300px) 100vw, 300px\" \/><\/p>\n<\/div>\n<p>&nbsp;<\/p>\n<div class=\"x14z9mp xat24cr x1lziwak x1vvkbs xtlvy1s x126k92a\">\n<div dir=\"auto\">\n<div class=\"x14z9mp xat24cr x1lziwak x1vvkbs xtlvy1s x126k92a\">\n<div dir=\"auto\" style=\"text-align: center;\">_________________________________________________<\/div>\n<\/div>\n<\/div>\n<\/div>\n<p style=\"text-align: center;\">Environmental Health<\/p>\n<p style=\"text-align: center;\">\ud83d\udde3If you observe any of the following wild bird occurrences, please notify DWR by calling the Virginia Wildlife Conflict Helpline at 855-571-9003 or emailing wildlifehealth@dwr.virginia.gov.<br \/>\n- Five or more dead vultures, waterfowl, shorebirds, or seabirds in the same area within five days<br \/>\n- Sick or dead eagles, hawks, owls, or turkeys, excluding carcasses found on the road<br \/>\n- Ten or more dead wild birds of any other species in the same area within five days<br \/>\n\ud83d\udde3If domestic poultry (such as backyard flocks) or other farm birds exhibit signs of avian influenza (ranging from sneezing, coughing and ruffled feathers to sudden and high numbers of bird losses), bird owners should consult their local veterinary professional and notify state or federal animal health officials.<br \/>\n\ud83d\udde3Virginia backyard flocks or commercial poultry owners should report unusual poultry illnesses or deaths to the State Veterinarian\u2019s Office at 804.692.0601 or at vastatevet@vdacs.virginia.gov or call the USDA\u2019s toll-free at 866.536.7593.<br \/>\n\ud83d\udde3If you have domestic birds or dairy cattle that appear ill, unexpected death or signs of avian influenza, please consider wearing personal protective equipment when in close proximity or handling sick or dead birds. This would include gloves, N95 respirator mask, and eye protection, like goggles.<\/p>\n<p style=\"text-align: center;\">____________________________<\/p>\n<div class=\"xdj266r x14z9mp xat24cr x1lziwak x1vvkbs x126k92a\" style=\"text-align: center;\"><\/div>\n<\/div>\n<\/div><\/div><\/div><\/div><div id=\"pg-2-4\"  class=\"panel-grid panel-no-style\" ><div id=\"pgc-2-4-0\"  class=\"panel-grid-cell\" ><div id=\"panel-2-4-0-0\" class=\"so-panel widget widget_sow-editor panel-first-child panel-last-child\" data-index=\"4\" ><div\n\t\t\t\n\t\t\tclass=\"so-widget-sow-editor so-widget-sow-editor-base\"\n\t\t\t\n\t\t>\n<div class=\"siteorigin-widget-tinymce textwidget\">\n\t<p><img loading=\"lazy\" decoding=\"async\" class=\"aligncenter wp-image-863 size-medium\" src=\"https:\/\/www.vdh.virginia.gov\/content\/uploads\/sites\/111\/2021\/11\/WPHD-LOGO-FINAL-300x88.png\" alt=\"WPHD logo\" width=\"300\" height=\"88\" srcset=\"https:\/\/www.vdh.virginia.gov\/content\/uploads\/sites\/111\/2021\/11\/WPHD-LOGO-FINAL-300x88.png 300w, https:\/\/www.vdh.virginia.gov\/content\/uploads\/sites\/111\/2021\/11\/WPHD-LOGO-FINAL-1024x301.png 1024w, https:\/\/www.vdh.virginia.gov\/content\/uploads\/sites\/111\/2021\/11\/WPHD-LOGO-FINAL-768x226.png 768w, https:\/\/www.vdh.virginia.gov\/content\/uploads\/sites\/111\/2021\/11\/WPHD-LOGO-FINAL-1536x452.png 1536w, https:\/\/www.vdh.virginia.gov\/content\/uploads\/sites\/111\/2021\/11\/WPHD-LOGO-FINAL-2048x602.png 2048w\" sizes=\"auto, (max-width: 300px) 100vw, 300px\" \/><\/p>\n<p style=\"text-align: center;\">Monday - Friday, 8 a.m. - 4:30 p.m.<br \/>\n<a href=\"https:\/\/www.vdh.virginia.gov\/west-piedmont\/office-locations-contact-us\/\" target=\"_blank\" rel=\"noopener\">Contact your local health department<\/a><br \/>\n<span style=\"font-weight: 400;\">After Hours: <\/span><span style=\"font-weight: 400;\">(877) ASK-VDH3 (<\/span><span style=\"font-weight: 400;\">877-275-8343)<\/span><\/p>\n<div id=\"pg-5124-2\" class=\"panel-grid panel-no-style\">\n<div id=\"pgc-5124-2-0\" class=\"panel-grid-cell\">\n<div id=\"panel-5124-2-0-0\" class=\"so-panel widget widget_sow-editor panel-first-child\" data-index=\"2\">\n<div class=\"so-rounded panel-widget-style panel-widget-style-for-5124-2-0-0\">\n<div class=\"so-widget-sow-editor so-widget-sow-editor-base\">\n<div class=\"siteorigin-widget-tinymce textwidget\">\n<p style=\"text-align: center;\">\n<\/div>\n<\/div>\n<\/div>\n<\/div>\n<\/div>\n<\/div>\n<\/div>\n<\/div><\/div><\/div><\/div><div id=\"pg-2-5\"  class=\"panel-grid panel-no-style\" ><div id=\"pgc-2-5-0\"  class=\"panel-grid-cell\" ><div id=\"panel-2-5-0-0\" class=\"so-panel widget widget_sow-editor panel-first-child panel-last-child\" data-index=\"5\" ><div\n\t\t\t\n\t\t\tclass=\"so-widget-sow-editor so-widget-sow-editor-base\"\n\t\t\t\n\t\t>\n<div class=\"siteorigin-widget-tinymce textwidget\">\n\t<\/div>\n<\/div><\/div><\/div><\/div><div id=\"pg-2-6\"  class=\"panel-grid panel-no-style\" ><div id=\"pgc-2-6-0\"  class=\"panel-grid-cell\" ><div id=\"panel-2-6-0-0\" class=\"so-panel widget widget_sow-editor panel-first-child panel-last-child\" data-index=\"6\" ><div\n\t\t\t\n\t\t\tclass=\"so-widget-sow-editor so-widget-sow-editor-base\"\n\t\t\t\n\t\t>\n<div class=\"siteorigin-widget-tinymce textwidget\">\n\t<p style=\"text-align: center;\"><strong>Henry Martinsville Health Department Spanish Line<br \/>\n<\/strong>(276)-638-2311 ext. 38440\u00a0 \u00a0 \u00a0OR\u00a0 \u00a0 \u00a0Direct Line: (276)-403-8440<br \/>\nPlease leave a name, phone number, and brief message for an interpreter to return your phone call.<\/p>\n<\/div>\n<\/div><\/div><\/div><div id=\"pgc-2-6-1\"  class=\"panel-grid-cell\" ><div id=\"panel-2-6-1-0\" class=\"so-panel widget widget_sow-editor panel-first-child panel-last-child\" data-index=\"7\" ><div\n\t\t\t\n\t\t\tclass=\"so-widget-sow-editor so-widget-sow-editor-base\"\n\t\t\t\n\t\t>\n<div class=\"siteorigin-widget-tinymce textwidget\">\n\t<p style=\"text-align: center;\"><strong>Departamento de Salud de Henry-Martinsville L\u00ednea en espa\u00f1ol<br \/>\n<\/strong>(276)-638-2311 ext. 38440\u00a0 O\u00a0 \u00a0Llamando a la l\u00ednea directa (276)-403-8440<br \/>\nFavor dejar su nombre y n\u00famero de tel\u00e9fono y un int\u00e9rprete le devolver\u00e1 la llamada.<\/p>\n<\/div>\n<\/div><\/div><\/div><\/div><div id=\"pg-2-7\"  class=\"panel-grid panel-no-style\" ><div id=\"pgc-2-7-0\"  class=\"panel-grid-cell\" ><div id=\"panel-2-7-0-0\" class=\"so-panel widget widget_sow-editor panel-first-child panel-last-child\" data-index=\"8\" ><div\n\t\t\t\n\t\t\tclass=\"so-widget-sow-editor so-widget-sow-editor-base\"\n\t\t\t\n\t\t>\n<div class=\"siteorigin-widget-tinymce textwidget\">\n\t<p style=\"text-align: center;\"><img loading=\"lazy\" decoding=\"async\" class=\"alignnone wp-image-5269 size-medium\" src=\"https:\/\/www.vdh.virginia.gov\/content\/uploads\/sites\/111\/2025\/07\/211_logo_bluebg-300x114.jpg\" alt=\"211 assistance number logo\" width=\"300\" height=\"114\" srcset=\"https:\/\/www.vdh.virginia.gov\/content\/uploads\/sites\/111\/2025\/07\/211_logo_bluebg-300x114.jpg 300w, https:\/\/www.vdh.virginia.gov\/content\/uploads\/sites\/111\/2025\/07\/211_logo_bluebg.jpg 672w\" sizes=\"auto, (max-width: 300px) 100vw, 300px\" \/><\/p>\n<p style=\"text-align: center;\"><a href=\"https:\/\/211virginia.org\/\">https:\/\/211virginia.org\/<\/a><\/p>\n<p>211 Virginia is a free, confidential, and accessible service that connects people with information on available community services throughout the Commonwealth. Whether you need assistance with housing, food, healthcare, or other services, 211 Virginia is here to help.<\/p>\n<p style=\"text-align: center;\"><span style=\"font-weight: 400;\">For medical assistance, contact your primary care provider or your nearest urgent care facility.<\/span><\/p>\n<p style=\"text-align: center;\"><a href=\"https:\/\/www.facebook.com\/WestPiedmontHealthDistrict\/\"><span style=\"text-decoration: underline;\"><em><br \/>\nKeep up with West Piedmont Health District.<\/em><\/span><\/a><a href=\"https:\/\/www.facebook.com\/WestPiedmontHealthDistrict\/\"><img loading=\"lazy\" decoding=\"async\" class=\"aligncenter wp-image-4426\" src=\"https:\/\/www.vdh.virginia.gov\/content\/uploads\/sites\/111\/2023\/03\/f-261x300.jpg\" alt=\"Facebook icon. Become a fan.\" width=\"72\" height=\"83\" srcset=\"https:\/\/www.vdh.virginia.gov\/content\/uploads\/sites\/111\/2023\/03\/f-261x300.jpg 261w, https:\/\/www.vdh.virginia.gov\/content\/uploads\/sites\/111\/2023\/03\/f-890x1024.jpg 890w, https:\/\/www.vdh.virginia.gov\/content\/uploads\/sites\/111\/2023\/03\/f-768x883.jpg 768w, https:\/\/www.vdh.virginia.gov\/content\/uploads\/sites\/111\/2023\/03\/f.jpg 1067w\" sizes=\"auto, (max-width: 72px) 100vw, 72px\" \/><\/a><\/p>\n<\/div>\n<\/div><\/div><\/div><\/div><\/div>","protected":false},"excerpt":{"rendered":"<p>Serving the City of Martinsville and the counties of Henry, Franklin, and Patrick Stay tuned to our Facebook page and this website for updates and closures. When opening on a delayed schedule, some services may be limited. Please contact your local office before your visit to confirm availability. Franklin County: (540) 484-0292\u00a0 \u00a0Henry\/ Martinsville: (276) [&hellip;]<\/p>\n","protected":false},"author":666,"featured_media":0,"parent":0,"menu_order":0,"comment_status":"closed","ping_status":"closed","template":"","meta":{"_lmt_disableupdate":"no","_lmt_disable":"","footnotes":""},"tags":[],"class_list":["post-2","page","type-page","status-publish","hentry"],"yoast_head":"<!-- This site is optimized with the Yoast SEO plugin v27.4 - https:\/\/yoast.com\/product\/yoast-seo-wordpress\/ -->\n<title>West Piedmont Health District - West Piedmont<\/title>\n<meta name=\"description\" content=\"West Piedmont Health District serves the City of Martinsville and the counties of Henry, Patrick, and Franklin.\" \/>\n<meta name=\"robots\" content=\"index, follow, max-snippet:-1, max-image-preview:large, max-video-preview:-1\" \/>\n<link rel=\"canonical\" href=\"https:\/\/www.vdh.virginia.gov\/west-piedmont\/\" \/>\n<meta property=\"og:locale\" content=\"en_US\" \/>\n<meta property=\"og:type\" content=\"article\" \/>\n<meta property=\"og:title\" content=\"West Piedmont Health District - West Piedmont\" \/>\n<meta property=\"og:description\" content=\"West Piedmont Health District serves the City of Martinsville and the counties of Henry, Patrick, and Franklin.\" \/>\n<meta property=\"og:url\" content=\"https:\/\/www.vdh.virginia.gov\/west-piedmont\/\" \/>\n<meta property=\"og:site_name\" content=\"West Piedmont\" \/>\n<meta property=\"article:publisher\" content=\"https:\/\/www.facebook.com\/WestPiedmontHealthDistrict\" \/>\n<meta property=\"article:modified_time\" content=\"2026-04-15T15:19:26+00:00\" \/>\n<meta property=\"og:image\" content=\"https:\/\/www.vdh.virginia.gov\/content\/uploads\/sites\/111\/West-Piedmont-Closure-for-Training-1.jpg\" \/>\n\t<meta property=\"og:image:width\" content=\"940\" \/>\n\t<meta property=\"og:image:height\" content=\"788\" \/>\n\t<meta property=\"og:image:type\" content=\"image\/jpeg\" \/>\n<meta name=\"twitter:card\" content=\"summary_large_image\" \/>\n<meta name=\"twitter:label1\" content=\"Est. reading time\" \/>\n\t<meta name=\"twitter:data1\" content=\"5 minutes\" \/>\n<script type=\"application\/ld+json\" class=\"yoast-schema-graph\">{\"@context\":\"https:\\\/\\\/schema.org\",\"@graph\":[{\"@type\":\"WebPage\",\"@id\":\"https:\\\/\\\/www.vdh.virginia.gov\\\/west-piedmont\\\/\",\"url\":\"https:\\\/\\\/www.vdh.virginia.gov\\\/west-piedmont\\\/\",\"name\":\"West Piedmont Health District - West Piedmont\",\"isPartOf\":{\"@id\":\"https:\\\/\\\/www.vdh.virginia.gov\\\/west-piedmont\\\/#website\"},\"primaryImageOfPage\":{\"@id\":\"https:\\\/\\\/www.vdh.virginia.gov\\\/west-piedmont\\\/#primaryimage\"},\"image\":{\"@id\":\"https:\\\/\\\/www.vdh.virginia.gov\\\/west-piedmont\\\/#primaryimage\"},\"thumbnailUrl\":\"https:\\\/\\\/www.vdh.virginia.gov\\\/content\\\/uploads\\\/sites\\\/111\\\/West-Piedmont-Closure-for-Training-1-300x251.jpg\",\"datePublished\":\"2016-08-11T16:24:39+00:00\",\"dateModified\":\"2026-04-15T15:19:26+00:00\",\"description\":\"West Piedmont Health District serves the City of Martinsville and the counties of Henry, Patrick, and Franklin.\",\"breadcrumb\":{\"@id\":\"https:\\\/\\\/www.vdh.virginia.gov\\\/west-piedmont\\\/#breadcrumb\"},\"inLanguage\":\"en-US\",\"potentialAction\":[{\"@type\":\"ReadAction\",\"target\":[\"https:\\\/\\\/www.vdh.virginia.gov\\\/west-piedmont\\\/\"]}]},{\"@type\":\"ImageObject\",\"inLanguage\":\"en-US\",\"@id\":\"https:\\\/\\\/www.vdh.virginia.gov\\\/west-piedmont\\\/#primaryimage\",\"url\":\"https:\\\/\\\/www.vdh.virginia.gov\\\/content\\\/uploads\\\/sites\\\/111\\\/West-Piedmont-Closure-for-Training-1-300x251.jpg\",\"contentUrl\":\"https:\\\/\\\/www.vdh.virginia.gov\\\/content\\\/uploads\\\/sites\\\/111\\\/West-Piedmont-Closure-for-Training-1-300x251.jpg\"},{\"@type\":\"BreadcrumbList\",\"@id\":\"https:\\\/\\\/www.vdh.virginia.gov\\\/west-piedmont\\\/#breadcrumb\",\"itemListElement\":[{\"@type\":\"ListItem\",\"position\":1,\"name\":\"Home\",\"item\":\"https:\\\/\\\/www.vdh.virginia.gov\\\/west-piedmont\\\/\"},{\"@type\":\"ListItem\",\"position\":2,\"name\":\"West Piedmont Health District\"}]},{\"@type\":\"WebSite\",\"@id\":\"https:\\\/\\\/www.vdh.virginia.gov\\\/west-piedmont\\\/#website\",\"url\":\"https:\\\/\\\/www.vdh.virginia.gov\\\/west-piedmont\\\/\",\"name\":\"West Piedmont\",\"description\":\"\",\"potentialAction\":[{\"@type\":\"SearchAction\",\"target\":{\"@type\":\"EntryPoint\",\"urlTemplate\":\"https:\\\/\\\/www.vdh.virginia.gov\\\/west-piedmont\\\/?s={search_term_string}\"},\"query-input\":{\"@type\":\"PropertyValueSpecification\",\"valueRequired\":true,\"valueName\":\"search_term_string\"}}],\"inLanguage\":\"en-US\"}]}<\/script>\n<!-- \/ Yoast SEO plugin. -->","yoast_head_json":{"title":"West Piedmont Health District - West Piedmont","description":"West Piedmont Health District serves the City of Martinsville and the counties of Henry, Patrick, and Franklin.","robots":{"index":"index","follow":"follow","max-snippet":"max-snippet:-1","max-image-preview":"max-image-preview:large","max-video-preview":"max-video-preview:-1"},"canonical":"https:\/\/www.vdh.virginia.gov\/west-piedmont\/","og_locale":"en_US","og_type":"article","og_title":"West Piedmont Health District - West Piedmont","og_description":"West Piedmont Health District serves the City of Martinsville and the counties of Henry, Patrick, and Franklin.","og_url":"https:\/\/www.vdh.virginia.gov\/west-piedmont\/","og_site_name":"West Piedmont","article_publisher":"https:\/\/www.facebook.com\/WestPiedmontHealthDistrict","article_modified_time":"2026-04-15T15:19:26+00:00","og_image":[{"width":940,"height":788,"url":"https:\/\/www.vdh.virginia.gov\/content\/uploads\/sites\/111\/West-Piedmont-Closure-for-Training-1.jpg","type":"image\/jpeg"}],"twitter_card":"summary_large_image","twitter_misc":{"Est. reading time":"5 minutes"},"schema":{"@context":"https:\/\/schema.org","@graph":[{"@type":"WebPage","@id":"https:\/\/www.vdh.virginia.gov\/west-piedmont\/","url":"https:\/\/www.vdh.virginia.gov\/west-piedmont\/","name":"West Piedmont Health District - West Piedmont","isPartOf":{"@id":"https:\/\/www.vdh.virginia.gov\/west-piedmont\/#website"},"primaryImageOfPage":{"@id":"https:\/\/www.vdh.virginia.gov\/west-piedmont\/#primaryimage"},"image":{"@id":"https:\/\/www.vdh.virginia.gov\/west-piedmont\/#primaryimage"},"thumbnailUrl":"https:\/\/www.vdh.virginia.gov\/content\/uploads\/sites\/111\/West-Piedmont-Closure-for-Training-1-300x251.jpg","datePublished":"2016-08-11T16:24:39+00:00","dateModified":"2026-04-15T15:19:26+00:00","description":"West Piedmont Health District serves the City of Martinsville and the counties of Henry, Patrick, and Franklin.","breadcrumb":{"@id":"https:\/\/www.vdh.virginia.gov\/west-piedmont\/#breadcrumb"},"inLanguage":"en-US","potentialAction":[{"@type":"ReadAction","target":["https:\/\/www.vdh.virginia.gov\/west-piedmont\/"]}]},{"@type":"ImageObject","inLanguage":"en-US","@id":"https:\/\/www.vdh.virginia.gov\/west-piedmont\/#primaryimage","url":"https:\/\/www.vdh.virginia.gov\/content\/uploads\/sites\/111\/West-Piedmont-Closure-for-Training-1-300x251.jpg","contentUrl":"https:\/\/www.vdh.virginia.gov\/content\/uploads\/sites\/111\/West-Piedmont-Closure-for-Training-1-300x251.jpg"},{"@type":"BreadcrumbList","@id":"https:\/\/www.vdh.virginia.gov\/west-piedmont\/#breadcrumb","itemListElement":[{"@type":"ListItem","position":1,"name":"Home","item":"https:\/\/www.vdh.virginia.gov\/west-piedmont\/"},{"@type":"ListItem","position":2,"name":"West Piedmont Health District"}]},{"@type":"WebSite","@id":"https:\/\/www.vdh.virginia.gov\/west-piedmont\/#website","url":"https:\/\/www.vdh.virginia.gov\/west-piedmont\/","name":"West Piedmont","description":"","potentialAction":[{"@type":"SearchAction","target":{"@type":"EntryPoint","urlTemplate":"https:\/\/www.vdh.virginia.gov\/west-piedmont\/?s={search_term_string}"},"query-input":{"@type":"PropertyValueSpecification","valueRequired":true,"valueName":"search_term_string"}}],"inLanguage":"en-US"}]}},"_links":{"self":[{"href":"https:\/\/www.vdh.virginia.gov\/west-piedmont\/wp-json\/wp\/v2\/pages\/2","targetHints":{"allow":["GET"]}}],"collection":[{"href":"https:\/\/www.vdh.virginia.gov\/west-piedmont\/wp-json\/wp\/v2\/pages"}],"about":[{"href":"https:\/\/www.vdh.virginia.gov\/west-piedmont\/wp-json\/wp\/v2\/types\/page"}],"author":[{"embeddable":true,"href":"https:\/\/www.vdh.virginia.gov\/west-piedmont\/wp-json\/wp\/v2\/users\/666"}],"replies":[{"embeddable":true,"href":"https:\/\/www.vdh.virginia.gov\/west-piedmont\/wp-json\/wp\/v2\/comments?post=2"}],"version-history":[{"count":25,"href":"https:\/\/www.vdh.virginia.gov\/west-piedmont\/wp-json\/wp\/v2\/pages\/2\/revisions"}],"predecessor-version":[{"id":5672,"href":"https:\/\/www.vdh.virginia.gov\/west-piedmont\/wp-json\/wp\/v2\/pages\/2\/revisions\/5672"}],"wp:attachment":[{"href":"https:\/\/www.vdh.virginia.gov\/west-piedmont\/wp-json\/wp\/v2\/media?parent=2"}],"wp:term":[{"taxonomy":"post_tag","embeddable":true,"href":"https:\/\/www.vdh.virginia.gov\/west-piedmont\/wp-json\/wp\/v2\/tags?post=2"}],"curies":[{"name":"wp","href":"https:\/\/api.w.org\/{rel}","templated":true}]}}